{"id":464,"date":"2025-09-09T13:48:23","date_gmt":"2025-09-09T10:48:23","guid":{"rendered":"https:\/\/slowriga.lv\/?page_id=464"},"modified":"2025-10-16T15:37:27","modified_gmt":"2025-10-16T12:37:27","slug":"par-projektu","status":"publish","type":"page","link":"https:\/\/slowriga.lv\/lv\/par-projektu\/","title":{"rendered":"Par projektu"},"content":{"rendered":"<section id=\"written-content-block_2be6c4756a8f1006e89c8725ad7e3d8c\" class=\"block written-content\">\n    <div class=\"container\">\n        <div class=\"row\">\n            <div class=\"col-12\">\n                <h2>Kalnciema kvart\u0101ls<\/h2>\n<p>Ir viens no R\u012bgas dz\u012bv\u012bg\u0101kajiem kult\u016bras centriem, kur\u0101 regul\u0101ri notiek br\u012bvdabas m\u016bzikas koncerti, m\u0101kslas izst\u0101des, pas\u0101kumi \u0123imen\u0113m un b\u0113rniem, te\u0101tra izr\u0101des, izgl\u012btojo\u0161i semin\u0101ri un citi pas\u0101kumi. \u012apa\u0161u popularit\u0101ti Kalnciema kvart\u0101ls ieguvis ar viet\u0113jo zemnieku un amatnieku produktu tirgu, kas notiek katru sestdienu\u00a0<b>kop\u0161 2008. gada<\/b>.<\/p>\n<p>Kvart\u0101la pagalm\u0101 atrodas\u00a0<b>Koka arhitekt\u016bras centrs, V\u012bnu veikals un kafejn\u012bca, m\u0101kslas galerija,<\/b>\u00a0birojos saimnieko arhitekti, mediju speci\u0101listi un citu rado\u0161o nozaru profesion\u0101\u013ci.<\/p>\n<p>Kalnciema kvart\u0101la atjaunoto koka \u0113ku komplekss Kalnciema un Melnsila ielu krustojum\u0101 ir\u00a0<b>19. gadsimta koka arhitekt\u016bras mantojums<\/b>, kas b\u016bv\u0113ts Rietumeiropas v\u0113l\u012bn\u0101 klasicisma stil\u0101. Kvart\u0101la koka \u0113ku atdzim\u0161ana s\u0101k\u0101s 2001. gad\u0101, un \u0161obr\u012bd ikviens var apl\u016bkot piecas atjaunot\u0101s koka \u0113kas, kas ieskauj pagalmu ar nelielo \u0101be\u013cd\u0101rzu.<\/p>\n<p>\u0112ku renov\u0101cij\u0101 izmantoti tradicion\u0101li materi\u0101li un tehnolo\u0123ijas, ta\u010du pa\u0161as \u0113kas piel\u0101gotas laikmet\u012bgam dz\u012bves ritmam un komfortam. Kalnciema kvart\u0101ls papla\u0161in\u0101jis koka arhitekt\u016bras mantojuma \u0113ku iesp\u0113jas, padarot t\u0101s m\u016bsdien\u012bgas un publiski pieejamas. Kalnciema iela ir iek\u013cauta Latvijas kult\u016bras kanon\u0101.<\/p>\n            <\/div>\n        <\/div>\n    <\/div>\n<\/section>\n","protected":false},"excerpt":{"rendered":"","protected":false},"author":2,"featured_media":0,"parent":0,"menu_order":0,"comment_status":"closed","ping_status":"closed","template":"templates\/template-simple-page.php","meta":{"_acf_changed":false,"footnotes":""},"class_list":["post-464","page","type-page","status-publish","hentry"],"acf":[],"yoast_head":"<!-- This site is optimized with the Yoast SEO plugin v25.1 - https:\/\/yoast.com\/wordpress\/plugins\/seo\/ -->\n<title>Par projektu - Za\u013c\u0101 o\u0101ze<\/title>\n<meta name=\"robots\" content=\"index, follow, max-snippet:-1, max-image-preview:large, max-video-preview:-1\" \/>\n<link rel=\"canonical\" href=\"https:\/\/slowriga.lv\/about-the-project\/\" \/>\n<meta property=\"og:locale\" content=\"lv_LV\" \/>\n<meta property=\"og:type\" content=\"article\" \/>\n<meta property=\"og:title\" content=\"Par projektu - Za\u013c\u0101 o\u0101ze\" \/>\n<meta property=\"og:url\" content=\"https:\/\/slowriga.lv\/about-the-project\/\" \/>\n<meta property=\"og:site_name\" content=\"Za\u013c\u0101 o\u0101ze\" \/>\n<meta property=\"article:modified_time\" content=\"2025-10-16T12:37:27+00:00\" \/>\n<meta name=\"twitter:card\" content=\"summary_large_image\" \/>\n<script type=\"application\/ld+json\" class=\"yoast-schema-graph\">{\"@context\":\"https:\/\/schema.org\",\"@graph\":[{\"@type\":\"WebPage\",\"@id\":\"https:\/\/slowriga.lv\/about-the-project\/\",\"url\":\"https:\/\/slowriga.lv\/about-the-project\/\",\"name\":\"Par projektu - Za\u013c\u0101 o\u0101ze\",\"isPartOf\":{\"@id\":\"https:\/\/slowriga.lv\/#website\"},\"datePublished\":\"2025-09-09T10:48:23+00:00\",\"dateModified\":\"2025-10-16T12:37:27+00:00\",\"breadcrumb\":{\"@id\":\"https:\/\/slowriga.lv\/about-the-project\/#breadcrumb\"},\"inLanguage\":\"lv-LV\",\"potentialAction\":[{\"@type\":\"ReadAction\",\"target\":[\"https:\/\/slowriga.lv\/about-the-project\/\"]}]},{\"@type\":\"BreadcrumbList\",\"@id\":\"https:\/\/slowriga.lv\/about-the-project\/#breadcrumb\",\"itemListElement\":[{\"@type\":\"ListItem\",\"position\":1,\"name\":\"Home\",\"item\":\"https:\/\/slowriga.lv\/\"},{\"@type\":\"ListItem\",\"position\":2,\"name\":\"Par projektu\"}]},{\"@type\":\"WebSite\",\"@id\":\"https:\/\/slowriga.lv\/#website\",\"url\":\"https:\/\/slowriga.lv\/\",\"name\":\"Za\u013c\u0101 o\u0101ze\",\"description\":\"\",\"potentialAction\":[{\"@type\":\"SearchAction\",\"target\":{\"@type\":\"EntryPoint\",\"urlTemplate\":\"https:\/\/slowriga.lv\/?s={search_term_string}\"},\"query-input\":{\"@type\":\"PropertyValueSpecification\",\"valueRequired\":true,\"valueName\":\"search_term_string\"}}],\"inLanguage\":\"lv-LV\"}]}<\/script>\n<!-- \/ Yoast SEO plugin. -->","yoast_head_json":{"title":"Par projektu - Za\u013c\u0101 o\u0101ze","robots":{"index":"index","follow":"follow","max-snippet":"max-snippet:-1","max-image-preview":"max-image-preview:large","max-video-preview":"max-video-preview:-1"},"canonical":"https:\/\/slowriga.lv\/about-the-project\/","og_locale":"lv_LV","og_type":"article","og_title":"Par projektu - Za\u013c\u0101 o\u0101ze","og_url":"https:\/\/slowriga.lv\/about-the-project\/","og_site_name":"Za\u013c\u0101 o\u0101ze","article_modified_time":"2025-10-16T12:37:27+00:00","twitter_card":"summary_large_image","schema":{"@context":"https:\/\/schema.org","@graph":[{"@type":"WebPage","@id":"https:\/\/slowriga.lv\/about-the-project\/","url":"https:\/\/slowriga.lv\/about-the-project\/","name":"Par projektu - Za\u013c\u0101 o\u0101ze","isPartOf":{"@id":"https:\/\/slowriga.lv\/#website"},"datePublished":"2025-09-09T10:48:23+00:00","dateModified":"2025-10-16T12:37:27+00:00","breadcrumb":{"@id":"https:\/\/slowriga.lv\/about-the-project\/#breadcrumb"},"inLanguage":"lv-LV","potentialAction":[{"@type":"ReadAction","target":["https:\/\/slowriga.lv\/about-the-project\/"]}]},{"@type":"BreadcrumbList","@id":"https:\/\/slowriga.lv\/about-the-project\/#breadcrumb","itemListElement":[{"@type":"ListItem","position":1,"name":"Home","item":"https:\/\/slowriga.lv\/"},{"@type":"ListItem","position":2,"name":"Par projektu"}]},{"@type":"WebSite","@id":"https:\/\/slowriga.lv\/#website","url":"https:\/\/slowriga.lv\/","name":"Za\u013c\u0101 o\u0101ze","description":"","potentialAction":[{"@type":"SearchAction","target":{"@type":"EntryPoint","urlTemplate":"https:\/\/slowriga.lv\/?s={search_term_string}"},"query-input":{"@type":"PropertyValueSpecification","valueRequired":true,"valueName":"search_term_string"}}],"inLanguage":"lv-LV"}]}},"_links":{"self":[{"href":"https:\/\/slowriga.lv\/lv\/wp-json\/wp\/v2\/pages\/464","targetHints":{"allow":["GET"]}}],"collection":[{"href":"https:\/\/slowriga.lv\/lv\/wp-json\/wp\/v2\/pages"}],"about":[{"href":"https:\/\/slowriga.lv\/lv\/wp-json\/wp\/v2\/types\/page"}],"author":[{"embeddable":true,"href":"https:\/\/slowriga.lv\/lv\/wp-json\/wp\/v2\/users\/2"}],"replies":[{"embeddable":true,"href":"https:\/\/slowriga.lv\/lv\/wp-json\/wp\/v2\/comments?post=464"}],"version-history":[{"count":6,"href":"https:\/\/slowriga.lv\/lv\/wp-json\/wp\/v2\/pages\/464\/revisions"}],"predecessor-version":[{"id":750,"href":"https:\/\/slowriga.lv\/lv\/wp-json\/wp\/v2\/pages\/464\/revisions\/750"}],"wp:attachment":[{"href":"https:\/\/slowriga.lv\/lv\/wp-json\/wp\/v2\/media?parent=464"}],"curies":[{"name":"wp","href":"https:\/\/api.w.org\/{rel}","templated":true}]}}