{"id":555,"date":"2025-09-11T13:31:38","date_gmt":"2025-09-11T10:31:38","guid":{"rendered":"https:\/\/slowriga.lv\/konfidencialitates-politika\/"},"modified":"2026-02-09T16:56:03","modified_gmt":"2026-02-09T14:56:03","slug":"privatuma-politika","status":"publish","type":"page","link":"https:\/\/slowriga.lv\/lv\/privatuma-politika\/","title":{"rendered":"Priv\u0101tuma politika"},"content":{"rendered":"<section id=\"written-content-block_faadc831003ad761f585dd754b90cd02\" class=\"block written-content\">\n    <div class=\"container\">\n        <div class=\"row\">\n            <div class=\"col-12\">\n                <p><strong>1. Ievads<\/strong><\/p>\n<p>\u0160\u012b priv\u0101tuma politika (turpm\u0101k \u2013 Politika) izskaidro, k\u0101 Biedr\u012bba \u201cMaize\u201d (Re\u0123. Nr. 40008064052, adrese: R\u012bga, Liep\u0101jas iela 2-4, LV-1002 turpm\u0101k \u2013 P\u0101rzinis) apstr\u0101d\u0101 personas datus, kas ieg\u016bti, izmantojot Slow Latvia digit\u0101lo platformu (turpm\u0101k \u2013 Platforma).<\/p>\n<p>M\u0113s apstr\u0101d\u0101jam personas datus saska\u0146\u0101 ar:<br \/>\n\u2022 Visp\u0101r\u012bgo datu aizsardz\u012bbas regulu (ES) 2016\/679 (VDAR),<br \/>\n\u2022 Latvijas Republikas Fizisko personu datu apstr\u0101des likumu,<br \/>\n\u2022 citiem piem\u0113rojamiem normat\u012bvajiem aktiem.<\/p>\n<p><strong>2. Defin\u012bcijas<\/strong><\/p>\n<p>2.1.\u00a0 P\u0101rzinis \u2013nosaka personas datu apstr\u0101des m\u0113r\u0137us un l\u012bdzek\u013cus.<br \/>\n2.2. Apstr\u0101d\u0101t\u0101js \u2013 nodro\u0161ina Platformas izstr\u0101di un tehnisko uztur\u0113\u0161anu, tostarp piek\u013cuvi administr\u0101cijas panelim.<br \/>\n2.3.\u00a0 Datu subjekts \u2013 fiziska persona, kuras personas datus apstr\u0101d\u0101 P\u0101rzinis (piem., tirgot\u0101js vai m\u0101jra\u017eot\u0101js, kas izveido profilu).<br \/>\n2.4. Personas dati \u2013 jebkura inform\u0101cija, kas \u013cauj tie\u0161i vai netie\u0161i identific\u0113t datu subjektu.<br \/>\n2.5. Tre\u0161\u0101s puses \u2013 pakalpojumu sniedz\u0113ji (AWS, MakeCommerce), valsts iest\u0101des, ja to prasa likums.<br \/>\n2.6. Profil\u0101 publiski redzam\u0101 inform\u0101cija \u2013 tikai tas, ko lietot\u0101js pats public\u0113 (sludin\u0101jumi, apraksti, bildes).<\/p>\n<p><strong>3. K\u0101di dati tiek iev\u0101kti<\/strong><\/p>\n<p>3.1. M\u0113s apstr\u0101d\u0101jam \u0161\u0101dus personas datus:<br \/>\n3.1.1 Identifik\u0101cijas un kontaktinform\u0101cija: v\u0101rds, uzv\u0101rds, e-pasta adrese, telefona numurs (administrat\u012bvai sazi\u0146ai, netiek publiskoti).<br \/>\n3.1.2 Profila dati: tirgot\u0101ja profila inform\u0101cija, sludin\u0101jumu saturs, ievietot\u0101s bildes un apraksti.<\/p>\n<p>3.1.3 Autentifik\u0101cijas dati: piesl\u0113g\u0161an\u0101s dati, ja izmantojat Google vai Facebook login.<br \/>\n3.1.4 Maks\u0101jumu dati: transakciju dati, kas apstr\u0101d\u0101ti caur MakeCommerce sist\u0113mu.<br \/>\n3.1.5 Tehniskie dati: IP adrese, p\u0101rl\u016bkprogrammas tips, ier\u012bces inform\u0101cija..<\/p>\n<p><strong>4. Nol\u016bki un tiesiskie pamati<\/strong><\/p>\n<p>Personas datus apstr\u0101d\u0101jam \u0161\u0101diem m\u0113r\u0137iem:<br \/>\n4.1.\u00a0 L\u012bguma izpilde (VDAR 6(1)(b)): lietot\u0101ja profila izveide, sludin\u0101jumu public\u0113\u0161ana, maks\u0101jumu nodro\u0161in\u0101\u0161ana.<br \/>\n4.2. Juridisko pien\u0101kumu izpilde (VDAR 6(1)(c)): gr\u0101matved\u012bba, nodok\u013cu un finan\u0161u uzskaite.<br \/>\n4.3. Le\u0123it\u012bm\u0101s intereses (VDAR 6(1)(f)): Platformas dro\u0161\u012bba, kr\u0101pniec\u012bbas nov\u0113r\u0161ana, pakalpojuma uzlabo\u0161ana.<br \/>\n4.4. Piekri\u0161ana (VDAR 6(1)(a)): s\u012bkdat\u0146u izmanto\u0161ana, Google\/Facebook login, ja lietot\u0101js tam piekr\u012bt.<\/p>\n<p><strong>5. Datu sa\u0146\u0113m\u0113ji<\/strong><\/p>\n<p>Personas dati var tikt nodoti:<br \/>\n5.1. Biedr\u012bba &#8220;Maize&#8221; \u2013 k\u0101 tehniskais uztur\u0113t\u0101js.<br \/>\n5.2. MakeCommerce \u2013 maks\u0101jumu apstr\u0101dei.<br \/>\n5.3. AWS (Amazon Web Services) \u2013 datu glab\u0101\u0161anai un hostinga nodro\u0161in\u0101\u0161anai.<br \/>\n5.4.\u00a0 Valsts iest\u0101d\u0113m, ja to prasa normat\u012bvie akti.<\/p>\n<p><strong>6. Starptautiska datu p\u0101rs\u016bt\u012b\u0161ana<\/strong><\/p>\n<p>Personas dati var tikt p\u0101rs\u016bt\u012bti \u0101rpus Eiropas Savien\u012bbas\/EEZ, izmantojot AWS pakalpojumus. \u0160\u0101dos gad\u012bjumos tiek piem\u0113rotas Eiropas Komisijas apstiprin\u0101t\u0101s standarta l\u012bguma klauzulas (SCC), lai nodro\u0161in\u0101tu datu aizsardz\u012bbu.<\/p>\n<p><strong>7. Datu uzglab\u0101\u0161ana<\/strong><\/p>\n<p>7.1. Profila dati \u2013 l\u012bdz lietot\u0101js dz\u0113\u0161 profilu.<br \/>\n7.2. Maks\u0101jumu dati \u2013 10 gadus (saska\u0146\u0101 ar gr\u0101matved\u012bbas pras\u012bb\u0101m).<br \/>\n7.3. Sazi\u0146as dati \u2013 2 gadus p\u0113c komunik\u0101cijas beig\u0101m.<\/p>\n<p><strong>8. Datu dro\u0161\u012bba<\/strong><\/p>\n<p>M\u0113s \u012bstenojam tehniskos un organizatoriskos pas\u0101kumus:<br \/>\n8.1. TLS \u0161ifr\u0113\u0161ana datu p\u0101rraid\u0113,<br \/>\n8.2. AWS dro\u0161\u012bbas risin\u0101jumi,<br \/>\n8.3. piek\u013cuves ties\u012bbu kontrole administr\u0101cijas panel\u012b,<br \/>\n8.4. regul\u0101ras IT dro\u0161\u012bbas p\u0101rbaudes.<\/p>\n<p><strong>9. Publiski pieejam\u0101 inform\u0101cija<\/strong><\/p>\n<p>9.1. Publiski redzami ir tikai tie dati, ko uz\u0146\u0113m\u0113ji pa\u0161i ievieto savos sludin\u0101jumos vai profilos.<br \/>\n9.2. Kontaktinform\u0101cija (e-pasts, telefons) nav publiski pieejama, ja vien lietot\u0101js pats to nepublic\u0113.<\/p>\n<p><strong>10. Datu subjekta ties\u012bbas<\/strong><\/p>\n<p>Lietot\u0101jiem ir ties\u012bbas:<br \/>\n10.1. Piepras\u012bt apstiprin\u0101jumu par datu apstr\u0101di un piek\u013c\u016bt saviem datiem.<br \/>\n10.2. Piepras\u012bt datu labo\u0161anu vai papildin\u0101\u0161anu.<br \/>\n10.3. Piepras\u012bt datu dz\u0113\u0161anu (\u201cties\u012bbas tikt aizmirstam\u201d).<br \/>\n10.4. Ierobe\u017eot datu apstr\u0101di noteiktos gad\u012bjumos.<br \/>\n10.5. Iebilst pret datu apstr\u0101di, kas balst\u0101s uz le\u0123it\u012bm\u0101m interes\u0113m.<br \/>\n10.6. Sa\u0146emt savus datus p\u0101rnesam\u0101 form\u0101t\u0101.<br \/>\n10.7. Iesniegt s\u016bdz\u012bbu Datu valsts inspekcij\u0101 (<a class=\"null\" href=\"http:\/\/www.dvi.gov.lv\/\" target=\"_blank\" rel=\"noopener noreferrer nofollow\">www.dvi.gov.lv<\/a>).<\/p>\n<p><strong>11. Kontakti<\/strong><\/p>\n<p>Ja Jums ir jaut\u0101jumi par datu apstr\u0101di vai v\u0113laties \u012bstenot savas ties\u012bbas, l\u016bdzu, sazinieties ar mums:<br \/>\n\u2022 E-pasts: maize@kalnciemakvartals.lv<br \/>\n\u2022 Pasta adrese: R\u012bga, Liep\u0101jas iela 2-4, LV-1002<br \/>\nJa J\u016bs uzskat\u0101t, ka J\u016bsu datu apstr\u0101de p\u0101rk\u0101pj VDAR pras\u012bbas, Jums ir ties\u012bbas iesniegt s\u016bdz\u012bbu Datu valsts inspekcij\u0101.<\/p>\n            <\/div>\n        <\/div>\n    <\/div>\n<\/section>\n","protected":false},"excerpt":{"rendered":"","protected":false},"author":2,"featured_media":0,"parent":0,"menu_order":0,"comment_status":"closed","ping_status":"closed","template":"templates\/template-simple-page.php","meta":{"_acf_changed":false,"footnotes":""},"class_list":["post-555","page","type-page","status-publish","hentry"],"acf":[],"yoast_head":"<!-- This site is optimized with the Yoast SEO plugin v25.1 - https:\/\/yoast.com\/wordpress\/plugins\/seo\/ -->\n<title>Priv\u0101tuma politika - Za\u013c\u0101 o\u0101ze<\/title>\n<meta name=\"robots\" content=\"index, follow, max-snippet:-1, max-image-preview:large, max-video-preview:-1\" \/>\n<link rel=\"canonical\" href=\"https:\/\/slowriga.lv\/privacy-policy\/\" \/>\n<meta property=\"og:locale\" content=\"lv_LV\" \/>\n<meta property=\"og:type\" content=\"article\" \/>\n<meta property=\"og:title\" content=\"Priv\u0101tuma politika - Za\u013c\u0101 o\u0101ze\" \/>\n<meta property=\"og:url\" content=\"https:\/\/slowriga.lv\/privacy-policy\/\" \/>\n<meta property=\"og:site_name\" content=\"Za\u013c\u0101 o\u0101ze\" \/>\n<meta property=\"article:modified_time\" content=\"2026-02-09T14:56:03+00:00\" \/>\n<meta name=\"twitter:card\" content=\"summary_large_image\" \/>\n<script type=\"application\/ld+json\" class=\"yoast-schema-graph\">{\"@context\":\"https:\/\/schema.org\",\"@graph\":[{\"@type\":\"WebPage\",\"@id\":\"https:\/\/slowriga.lv\/privacy-policy\/\",\"url\":\"https:\/\/slowriga.lv\/privacy-policy\/\",\"name\":\"Priv\u0101tuma politika - Za\u013c\u0101 o\u0101ze\",\"isPartOf\":{\"@id\":\"https:\/\/slowriga.lv\/#website\"},\"datePublished\":\"2025-09-11T10:31:38+00:00\",\"dateModified\":\"2026-02-09T14:56:03+00:00\",\"breadcrumb\":{\"@id\":\"https:\/\/slowriga.lv\/privacy-policy\/#breadcrumb\"},\"inLanguage\":\"lv-LV\",\"potentialAction\":[{\"@type\":\"ReadAction\",\"target\":[\"https:\/\/slowriga.lv\/privacy-policy\/\"]}]},{\"@type\":\"BreadcrumbList\",\"@id\":\"https:\/\/slowriga.lv\/privacy-policy\/#breadcrumb\",\"itemListElement\":[{\"@type\":\"ListItem\",\"position\":1,\"name\":\"Home\",\"item\":\"https:\/\/slowriga.lv\/\"},{\"@type\":\"ListItem\",\"position\":2,\"name\":\"Priv\u0101tuma politika\"}]},{\"@type\":\"WebSite\",\"@id\":\"https:\/\/slowriga.lv\/#website\",\"url\":\"https:\/\/slowriga.lv\/\",\"name\":\"Za\u013c\u0101 o\u0101ze\",\"description\":\"\",\"potentialAction\":[{\"@type\":\"SearchAction\",\"target\":{\"@type\":\"EntryPoint\",\"urlTemplate\":\"https:\/\/slowriga.lv\/?s={search_term_string}\"},\"query-input\":{\"@type\":\"PropertyValueSpecification\",\"valueRequired\":true,\"valueName\":\"search_term_string\"}}],\"inLanguage\":\"lv-LV\"}]}<\/script>\n<!-- \/ Yoast SEO plugin. -->","yoast_head_json":{"title":"Priv\u0101tuma politika - Za\u013c\u0101 o\u0101ze","robots":{"index":"index","follow":"follow","max-snippet":"max-snippet:-1","max-image-preview":"max-image-preview:large","max-video-preview":"max-video-preview:-1"},"canonical":"https:\/\/slowriga.lv\/privacy-policy\/","og_locale":"lv_LV","og_type":"article","og_title":"Priv\u0101tuma politika - Za\u013c\u0101 o\u0101ze","og_url":"https:\/\/slowriga.lv\/privacy-policy\/","og_site_name":"Za\u013c\u0101 o\u0101ze","article_modified_time":"2026-02-09T14:56:03+00:00","twitter_card":"summary_large_image","schema":{"@context":"https:\/\/schema.org","@graph":[{"@type":"WebPage","@id":"https:\/\/slowriga.lv\/privacy-policy\/","url":"https:\/\/slowriga.lv\/privacy-policy\/","name":"Priv\u0101tuma politika - Za\u013c\u0101 o\u0101ze","isPartOf":{"@id":"https:\/\/slowriga.lv\/#website"},"datePublished":"2025-09-11T10:31:38+00:00","dateModified":"2026-02-09T14:56:03+00:00","breadcrumb":{"@id":"https:\/\/slowriga.lv\/privacy-policy\/#breadcrumb"},"inLanguage":"lv-LV","potentialAction":[{"@type":"ReadAction","target":["https:\/\/slowriga.lv\/privacy-policy\/"]}]},{"@type":"BreadcrumbList","@id":"https:\/\/slowriga.lv\/privacy-policy\/#breadcrumb","itemListElement":[{"@type":"ListItem","position":1,"name":"Home","item":"https:\/\/slowriga.lv\/"},{"@type":"ListItem","position":2,"name":"Priv\u0101tuma politika"}]},{"@type":"WebSite","@id":"https:\/\/slowriga.lv\/#website","url":"https:\/\/slowriga.lv\/","name":"Za\u013c\u0101 o\u0101ze","description":"","potentialAction":[{"@type":"SearchAction","target":{"@type":"EntryPoint","urlTemplate":"https:\/\/slowriga.lv\/?s={search_term_string}"},"query-input":{"@type":"PropertyValueSpecification","valueRequired":true,"valueName":"search_term_string"}}],"inLanguage":"lv-LV"}]}},"_links":{"self":[{"href":"https:\/\/slowriga.lv\/lv\/wp-json\/wp\/v2\/pages\/555","targetHints":{"allow":["GET"]}}],"collection":[{"href":"https:\/\/slowriga.lv\/lv\/wp-json\/wp\/v2\/pages"}],"about":[{"href":"https:\/\/slowriga.lv\/lv\/wp-json\/wp\/v2\/types\/page"}],"author":[{"embeddable":true,"href":"https:\/\/slowriga.lv\/lv\/wp-json\/wp\/v2\/users\/2"}],"replies":[{"embeddable":true,"href":"https:\/\/slowriga.lv\/lv\/wp-json\/wp\/v2\/comments?post=555"}],"version-history":[{"count":3,"href":"https:\/\/slowriga.lv\/lv\/wp-json\/wp\/v2\/pages\/555\/revisions"}],"predecessor-version":[{"id":1016,"href":"https:\/\/slowriga.lv\/lv\/wp-json\/wp\/v2\/pages\/555\/revisions\/1016"}],"wp:attachment":[{"href":"https:\/\/slowriga.lv\/lv\/wp-json\/wp\/v2\/media?parent=555"}],"curies":[{"name":"wp","href":"https:\/\/api.w.org\/{rel}","templated":true}]}}