{"id":556,"date":"2025-09-11T13:32:07","date_gmt":"2025-09-11T10:32:07","guid":{"rendered":"https:\/\/slowriga.lv\/pirksanas-un-apkalposanas-noteikumi\/"},"modified":"2026-02-09T16:54:58","modified_gmt":"2026-02-09T14:54:58","slug":"iegades-un-pakalpojuma-noteikumi","status":"publish","type":"page","link":"https:\/\/slowriga.lv\/lv\/iegades-un-pakalpojuma-noteikumi\/","title":{"rendered":"Ieg\u0101des un pakalpojuma noteikumi"},"content":{"rendered":"<section id=\"written-content-block_eeb9742d451dd6387fbc87907e6164cf\" class=\"block written-content\">\n    <div class=\"container\">\n        <div class=\"row\">\n            <div class=\"col-12\">\n                <ol>\n<li><span style=\"font-weight: 400;\"> Visp\u0101r\u012bg\u0101 inform\u0101cija<\/span><\/li>\n<\/ol>\n<p><span style=\"font-weight: 400;\">\u0160ie pirkuma noteikumi (turpm\u0101k \u2013 Noteikumi) nosaka k\u0101rt\u012bbu, k\u0101d\u0101 tiek ieg\u0101d\u0101tas dal\u012bbas kl\u0101tienes ekskursij\u0101s un nodarb\u012bb\u0101s (turpm\u0101k \u2013 Pas\u0101kumi), kas norisin\u0101s Kalnciema kvart\u0101l\u0101 un t\u0101 sadarb\u012bbas partneru teritorij\u0101s, k\u0101 ar\u012b Pu\u0161u ties\u012bbas un pien\u0101kumus.<\/span><\/p>\n<p>Biedr\u012bba \u201cMaize\u201d<br aria-hidden=\"true\" \/>Re\u0123. Nr. 40008064052<br aria-hidden=\"true\" \/>Adrese: R\u012bga, Liep\u0101jas iela 2-4, LV-1002<br aria-hidden=\"true\" \/>t. 29402027, epasts: <a href=\"mailto:maize@kalnciemakvartals.lv\" target=\"_blank\" rel=\"noopener noreferrer\" data-sk=\"tooltip_parent\" aria-haspopup=\"menu\">maize@kalnciemakvartals.lv<\/a><\/p>\n<p><span style=\"font-weight: 400;\">Veicot pirkumu platform\u0101, Pirc\u0113js apliecina, ka ir iepazinies ar \u0161iem Noteikumiem un tiem piekr\u012bt.<\/span><\/p>\n<ol start=\"2\">\n<li><span style=\"font-weight: 400;\"> Pakalpojuma apraksts<\/span><\/li>\n<\/ol>\n<p><span style=\"font-weight: 400;\">Organizators pied\u0101v\u0101:<\/span><\/p>\n<ul>\n<li><span style=\"font-weight: 400;\">kl\u0101tienes ekskursijas,<\/span><\/li>\n<li><span style=\"font-weight: 400;\">kl\u0101tienes nodarb\u012bbas<\/span><\/li>\n<li><span style=\"font-weight: 400;\">Un citus pakalpojuma produktus,\u00a0<\/span><\/li>\n<\/ul>\n<p><span style=\"font-weight: 400;\">kas norisin\u0101s \u0100genskalna tirgus teritorij\u0101, konkr\u0113t\u0101 datum\u0101 un laik\u0101, kas nor\u0101d\u012bts pie attiec\u012bg\u0101 Pas\u0101kuma apraksta.<\/span><\/p>\n<p><span style=\"font-weight: 400;\">Pas\u0101kumu saturs, ilgums, cena un dal\u012bbnieku skaits ir nor\u0101d\u012bts pie katra Pas\u0101kuma atsevi\u0161\u0137i.<\/span><\/p>\n<ol start=\"3\">\n<li><span style=\"font-weight: 400;\"> Pirkuma un apmaksas k\u0101rt\u012bba<\/span><\/li>\n<\/ol>\n<p><span style=\"font-weight: 400;\">3.1. Dal\u012bba Pas\u0101kum\u0101 tiek uzskat\u012bta par rezerv\u0113tu p\u0113c pilnas apmaksas sa\u0146em\u0161anas.<\/span><\/p>\n<p><span style=\"font-weight: 400;\">3.2. Apmaksa tiek veikta platform\u0101, izmantojot taj\u0101 pied\u0101v\u0101t\u0101s maks\u0101jumu metodes.<\/span><\/p>\n<p><span style=\"font-weight: 400;\">3.3. Cena ir nor\u0101d\u012bta eiro (EUR) un ietver visus piem\u0113rojamos nodok\u013cus, ja vien nav nor\u0101d\u012bts cit\u0101di.<\/span><\/p>\n<ol start=\"4\">\n<li><span style=\"font-weight: 400;\"> Atcel\u0161ana un naudas atmaksa<\/span><\/li>\n<\/ol>\n<p><span style=\"font-weight: 400;\">4.1. Pirc\u0113jam ir ties\u012bbas atcelt dal\u012bbu Pas\u0101kum\u0101:<\/span><\/p>\n<p><span style=\"font-weight: 400;\">ne v\u0113l\u0101k k\u0101 <\/span><span style=\"font-weight: 400;\">[ 48 stundas]<\/span><span style=\"font-weight: 400;\"> pirms Pas\u0101kuma s\u0101kuma, sa\u0146emot pilnu naudas atmaksu;<\/span><\/p>\n<p><span style=\"font-weight: 400;\">atce\u013cot v\u0113l\u0101k vai neierodoties uz Pas\u0101kumu, samaksa netiek atmaks\u0101ta.<\/span><\/p>\n<p><span style=\"font-weight: 400;\">4.2. Organizatoram ir ties\u012bbas atcelt vai p\u0101rcelt Pas\u0101kumu neparedz\u0113tu apst\u0101k\u013cu d\u0113\u013c (piem., slim\u012bba, dro\u0161\u012bbas apsv\u0113rumi, force majeure). \u0160\u0101d\u0101 gad\u012bjum\u0101:<\/span><\/p>\n<p><span style=\"font-weight: 400;\">Pirc\u0113jam tiek pied\u0101v\u0101ta pilna naudas atmaksa vai<\/span><\/p>\n<p><span style=\"font-weight: 400;\">iesp\u0113ja piedal\u012bties Pas\u0101kum\u0101 cit\u0101 datum\u0101.<\/span><\/p>\n<ol start=\"5\">\n<li><span style=\"font-weight: 400;\"> Izmai\u0146as Pas\u0101kum\u0101<\/span><\/li>\n<\/ol>\n<p><span style=\"font-weight: 400;\">Organizators patur ties\u012bbas veikt nelielas izmai\u0146as Pas\u0101kuma programm\u0101 (piem., satur\u0101, norises sec\u012bb\u0101), ja tas neietekm\u0113 Pas\u0101kuma b\u016bt\u012bbu.<\/span><\/p>\n<ol start=\"6\">\n<li><span style=\"font-weight: 400;\"> Dal\u012bbnieka pien\u0101kumi un atbild\u012bba<\/span><\/li>\n<\/ol>\n<p><span style=\"font-weight: 400;\">6.1. Dal\u012bbniekam ir pien\u0101kums:<\/span><\/p>\n<p><span style=\"font-weight: 400;\">ierasties Pas\u0101kum\u0101 laikus,<\/span><\/p>\n<p><span style=\"font-weight: 400;\">iev\u0113rot Organizatora un Kalnciema kvart\u0101la noteikumus,<\/span><\/p>\n<p><span style=\"font-weight: 400;\">iztur\u0113ties cie\u0146pilni pret citiem dal\u012bbniekiem un telp\u0101m.<\/span><\/p>\n<p><span style=\"font-weight: 400;\">6.2. Dal\u012bba Pas\u0101kumos notiek uz pa\u0161a Dal\u012bbnieka atbild\u012bbu. Organizators neatbild par person\u012bgaj\u0101m mant\u0101m vai traum\u0101m, kas radu\u0161\u0101s, neiev\u0113rojot dro\u0161\u012bbas nor\u0101des.<\/span><\/p>\n<ol start=\"7\">\n<li><span style=\"font-weight: 400;\"> Intelektu\u0101lais \u012bpa\u0161ums<\/span><\/li>\n<\/ol>\n<p><span style=\"font-weight: 400;\">Meistarkla\u0161u saturs, materi\u0101li, metodika un vizu\u0101lie materi\u0101li ir Organizatora intelektu\u0101lais \u012bpa\u0161ums, ja vien nav nor\u0101d\u012bts cit\u0101di.<\/span><\/p>\n<p><span style=\"font-weight: 400;\">To reproduc\u0113\u0161ana, izplat\u012b\u0161ana vai izmanto\u0161ana komerci\u0101liem nol\u016bkiem bez rakstiskas at\u013caujas nav at\u013cauta.<\/span><\/p>\n<ol start=\"8\">\n<li><span style=\"font-weight: 400;\"> Personas dati<\/span><\/li>\n<\/ol>\n<p><span style=\"font-weight: 400;\">Personas dati tiek apstr\u0101d\u0101ti tikai Pas\u0101kumu organiz\u0113\u0161anas nol\u016bkos saska\u0146\u0101 ar piem\u0113rojamiem datu aizsardz\u012bbas normat\u012bvajiem aktiem (GDPR).<\/span><\/p>\n<p><span style=\"font-weight: 400;\">Detaliz\u0113ta inform\u0101cija pieejama Priv\u0101tuma politik\u0101.<\/span><\/p>\n<ol start=\"9\">\n<li><span style=\"font-weight: 400;\"> Piem\u0113rojamie ties\u012bbu akti<\/span><\/li>\n<\/ol>\n<p><span style=\"font-weight: 400;\">\u0160iem Noteikumiem piem\u0113rojami Latvijas Republikas normat\u012bvie akti.<\/span><\/p>\n<p><span style=\"font-weight: 400;\">Visi str\u012bdi risin\u0101mi sarunu ce\u013c\u0101, bet, ja vieno\u0161an\u0101s netiek pan\u0101kta \u2013 Latvijas ties\u0101.<\/span><\/p>\n<ol start=\"10\">\n<li><span style=\"font-weight: 400;\"> Kontakti<\/span><\/li>\n<\/ol>\n<p><span style=\"font-weight: 400;\">Jaut\u0101jumu gad\u012bjum\u0101, l\u016bdzu, sazinieties:<\/span><\/p>\n<p><span style=\"font-weight: 400;\">maize@kalnciemakvartals.lv<\/span><\/p>\n            <\/div>\n        <\/div>\n    <\/div>\n<\/section>\n","protected":false},"excerpt":{"rendered":"","protected":false},"author":2,"featured_media":0,"parent":0,"menu_order":0,"comment_status":"closed","ping_status":"closed","template":"templates\/template-simple-page.php","meta":{"_acf_changed":false,"footnotes":""},"class_list":["post-556","page","type-page","status-publish","hentry"],"acf":[],"yoast_head":"<!-- This site is optimized with the Yoast SEO plugin v25.1 - https:\/\/yoast.com\/wordpress\/plugins\/seo\/ -->\n<title>Ieg\u0101des un pakalpojuma noteikumi - Za\u013c\u0101 o\u0101ze<\/title>\n<meta name=\"robots\" content=\"index, follow, max-snippet:-1, max-image-preview:large, max-video-preview:-1\" \/>\n<link rel=\"canonical\" href=\"https:\/\/slowriga.lv\/terms-of-purchase-and-service\/\" \/>\n<meta property=\"og:locale\" content=\"lv_LV\" \/>\n<meta property=\"og:type\" content=\"article\" \/>\n<meta property=\"og:title\" content=\"Ieg\u0101des un pakalpojuma noteikumi - Za\u013c\u0101 o\u0101ze\" \/>\n<meta property=\"og:url\" content=\"https:\/\/slowriga.lv\/terms-of-purchase-and-service\/\" \/>\n<meta property=\"og:site_name\" content=\"Za\u013c\u0101 o\u0101ze\" \/>\n<meta property=\"article:modified_time\" content=\"2026-02-09T14:54:58+00:00\" \/>\n<meta name=\"twitter:card\" content=\"summary_large_image\" \/>\n<script type=\"application\/ld+json\" class=\"yoast-schema-graph\">{\"@context\":\"https:\/\/schema.org\",\"@graph\":[{\"@type\":\"WebPage\",\"@id\":\"https:\/\/slowriga.lv\/terms-of-purchase-and-service\/\",\"url\":\"https:\/\/slowriga.lv\/terms-of-purchase-and-service\/\",\"name\":\"Ieg\u0101des un pakalpojuma noteikumi - Za\u013c\u0101 o\u0101ze\",\"isPartOf\":{\"@id\":\"https:\/\/slowriga.lv\/#website\"},\"datePublished\":\"2025-09-11T10:32:07+00:00\",\"dateModified\":\"2026-02-09T14:54:58+00:00\",\"breadcrumb\":{\"@id\":\"https:\/\/slowriga.lv\/terms-of-purchase-and-service\/#breadcrumb\"},\"inLanguage\":\"lv-LV\",\"potentialAction\":[{\"@type\":\"ReadAction\",\"target\":[\"https:\/\/slowriga.lv\/terms-of-purchase-and-service\/\"]}]},{\"@type\":\"BreadcrumbList\",\"@id\":\"https:\/\/slowriga.lv\/terms-of-purchase-and-service\/#breadcrumb\",\"itemListElement\":[{\"@type\":\"ListItem\",\"position\":1,\"name\":\"Home\",\"item\":\"https:\/\/slowriga.lv\/\"},{\"@type\":\"ListItem\",\"position\":2,\"name\":\"Ieg\u0101des un pakalpojuma noteikumi\"}]},{\"@type\":\"WebSite\",\"@id\":\"https:\/\/slowriga.lv\/#website\",\"url\":\"https:\/\/slowriga.lv\/\",\"name\":\"Za\u013c\u0101 o\u0101ze\",\"description\":\"\",\"potentialAction\":[{\"@type\":\"SearchAction\",\"target\":{\"@type\":\"EntryPoint\",\"urlTemplate\":\"https:\/\/slowriga.lv\/?s={search_term_string}\"},\"query-input\":{\"@type\":\"PropertyValueSpecification\",\"valueRequired\":true,\"valueName\":\"search_term_string\"}}],\"inLanguage\":\"lv-LV\"}]}<\/script>\n<!-- \/ Yoast SEO plugin. -->","yoast_head_json":{"title":"Ieg\u0101des un pakalpojuma noteikumi - Za\u013c\u0101 o\u0101ze","robots":{"index":"index","follow":"follow","max-snippet":"max-snippet:-1","max-image-preview":"max-image-preview:large","max-video-preview":"max-video-preview:-1"},"canonical":"https:\/\/slowriga.lv\/terms-of-purchase-and-service\/","og_locale":"lv_LV","og_type":"article","og_title":"Ieg\u0101des un pakalpojuma noteikumi - Za\u013c\u0101 o\u0101ze","og_url":"https:\/\/slowriga.lv\/terms-of-purchase-and-service\/","og_site_name":"Za\u013c\u0101 o\u0101ze","article_modified_time":"2026-02-09T14:54:58+00:00","twitter_card":"summary_large_image","schema":{"@context":"https:\/\/schema.org","@graph":[{"@type":"WebPage","@id":"https:\/\/slowriga.lv\/terms-of-purchase-and-service\/","url":"https:\/\/slowriga.lv\/terms-of-purchase-and-service\/","name":"Ieg\u0101des un pakalpojuma noteikumi - Za\u013c\u0101 o\u0101ze","isPartOf":{"@id":"https:\/\/slowriga.lv\/#website"},"datePublished":"2025-09-11T10:32:07+00:00","dateModified":"2026-02-09T14:54:58+00:00","breadcrumb":{"@id":"https:\/\/slowriga.lv\/terms-of-purchase-and-service\/#breadcrumb"},"inLanguage":"lv-LV","potentialAction":[{"@type":"ReadAction","target":["https:\/\/slowriga.lv\/terms-of-purchase-and-service\/"]}]},{"@type":"BreadcrumbList","@id":"https:\/\/slowriga.lv\/terms-of-purchase-and-service\/#breadcrumb","itemListElement":[{"@type":"ListItem","position":1,"name":"Home","item":"https:\/\/slowriga.lv\/"},{"@type":"ListItem","position":2,"name":"Ieg\u0101des un pakalpojuma noteikumi"}]},{"@type":"WebSite","@id":"https:\/\/slowriga.lv\/#website","url":"https:\/\/slowriga.lv\/","name":"Za\u013c\u0101 o\u0101ze","description":"","potentialAction":[{"@type":"SearchAction","target":{"@type":"EntryPoint","urlTemplate":"https:\/\/slowriga.lv\/?s={search_term_string}"},"query-input":{"@type":"PropertyValueSpecification","valueRequired":true,"valueName":"search_term_string"}}],"inLanguage":"lv-LV"}]}},"_links":{"self":[{"href":"https:\/\/slowriga.lv\/lv\/wp-json\/wp\/v2\/pages\/556","targetHints":{"allow":["GET"]}}],"collection":[{"href":"https:\/\/slowriga.lv\/lv\/wp-json\/wp\/v2\/pages"}],"about":[{"href":"https:\/\/slowriga.lv\/lv\/wp-json\/wp\/v2\/types\/page"}],"author":[{"embeddable":true,"href":"https:\/\/slowriga.lv\/lv\/wp-json\/wp\/v2\/users\/2"}],"replies":[{"embeddable":true,"href":"https:\/\/slowriga.lv\/lv\/wp-json\/wp\/v2\/comments?post=556"}],"version-history":[{"count":3,"href":"https:\/\/slowriga.lv\/lv\/wp-json\/wp\/v2\/pages\/556\/revisions"}],"predecessor-version":[{"id":1015,"href":"https:\/\/slowriga.lv\/lv\/wp-json\/wp\/v2\/pages\/556\/revisions\/1015"}],"wp:attachment":[{"href":"https:\/\/slowriga.lv\/lv\/wp-json\/wp\/v2\/media?parent=556"}],"curies":[{"name":"wp","href":"https:\/\/api.w.org\/{rel}","templated":true}]}}