{"id":991,"date":"2026-02-03T17:04:48","date_gmt":"2026-02-03T15:04:48","guid":{"rendered":"https:\/\/slowriga.lv\/?page_id=991"},"modified":"2026-02-06T11:54:35","modified_gmt":"2026-02-06T09:54:35","slug":"sadarbibas-uznemumi","status":"publish","type":"page","link":"https:\/\/slowriga.lv\/lv\/sadarbibas-uznemumi\/","title":{"rendered":"Sadarb\u012bbas uz\u0146\u0113mumi"},"content":{"rendered":"<section id=\"written-content-block_568d154835c40794160f28f5a7dc8c40\" class=\"block written-content\">\n    <div class=\"container\">\n        <div class=\"row\">\n            <div class=\"col-12\">\n                <div class=\"\" data-mesh-id=\"comp-ldk9t6qbinlineContent\" data-testid=\"inline-content\">\n<div data-mesh-id=\"comp-ldk9t6qbinlineContent-gridContainer\" data-testid=\"mesh-container-content\">\n<div id=\"comp-lfkvua7m\" class=\"Z_l5lU ku3DBC zQ9jDz qvSjx3 Vq6kJx comp-lfkvua7m wixui-rich-text\" data-testid=\"richTextElement\">\n<p class=\"font_8 wixui-rich-text__text\"><span style=\"font-size: 2.5rem; font-weight: bold;\">Kalnciema kvart\u0101ls<\/span><\/p>\n<\/div>\n<\/div>\n<\/div>\n<p>Ir viens no R\u012bgas dz\u012bv\u012bg\u0101kajiem kult\u016bras centriem, kur\u0101 regul\u0101ri notiek br\u012bvdabas m\u016bzikas koncerti, m\u0101kslas izst\u0101des, pas\u0101kumi \u0123imen\u0113m un b\u0113rniem, te\u0101tra izr\u0101des, izgl\u012btojo\u0161i semin\u0101ri un citi pas\u0101kumi. \u012apa\u0161u popularit\u0101ti Kalnciema kvart\u0101ls ieguvis ar viet\u0113jo zemnieku un amatnieku produktu tirgu, kas notiek katru sestdienu\u00a0<b>kop\u0161 2008. gada<\/b>.<\/p>\n<p>Kvart\u0101la pagalm\u0101 atrodas\u00a0<b>Koka arhitekt\u016bras centrs, V\u012bnu veikals un kafejn\u012bca, m\u0101kslas galerija,<\/b>\u00a0birojos saimnieko arhitekti, mediju speci\u0101listi un citu rado\u0161o nozaru profesion\u0101\u013ci.<\/p>\n<p>Kalnciema kvart\u0101la atjaunoto koka \u0113ku komplekss Kalnciema un Melnsila ielu krustojum\u0101 ir\u00a0<b>19. gadsimta koka arhitekt\u016bras mantojums<\/b>, kas b\u016bv\u0113ts Rietumeiropas v\u0113l\u012bn\u0101 klasicisma stil\u0101. Kvart\u0101la koka \u0113ku atdzim\u0161ana s\u0101k\u0101s 2001. gad\u0101, un \u0161obr\u012bd ikviens var apl\u016bkot piecas atjaunot\u0101s koka \u0113kas, kas ieskauj pagalmu ar nelielo \u0101be\u013cd\u0101rzu.<\/p>\n<p>\u0112ku renov\u0101cij\u0101 izmantoti tradicion\u0101li materi\u0101li un tehnolo\u0123ijas, ta\u010du pa\u0161as \u0113kas piel\u0101gotas laikmet\u012bgam dz\u012bves ritmam un komfortam. Kalnciema kvart\u0101ls papla\u0161in\u0101jis koka arhitekt\u016bras mantojuma \u0113ku iesp\u0113jas, padarot t\u0101s m\u016bsdien\u012bgas un publiski pieejamas. Kalnciema iela ir iek\u013cauta Latvijas kult\u016bras kanon\u0101.<\/p>\n<hr \/>\n<h2>\u0100genskalna tirgus<\/h2>\n<div id=\"bgLayers_comp-ldk9t6qb\" class=\"MW5IWV\" data-hook=\"bgLayers\" data-motion-part=\"BG_LAYER comp-ldk9t6qb\">\n<div id=\"bgMedia_comp-ldk9t6qb\" class=\"VgO9Yg\" data-motion-part=\"BG_MEDIA comp-ldk9t6qb\"><\/div>\n<\/div>\n<div class=\"\" data-mesh-id=\"comp-ldk9t6qbinlineContent\" data-testid=\"inline-content\">\n<div data-mesh-id=\"comp-ldk9t6qbinlineContent-gridContainer\" data-testid=\"mesh-container-content\">\n<div id=\"comp-lgkufaf7\" class=\"Z_l5lU ku3DBC zQ9jDz qvSjx3 Vq6kJx comp-lgkufaf7 wixui-rich-text\" data-testid=\"richTextElement\">\n<p class=\"font_8 wixui-rich-text__text\"><span class=\"wixui-rich-text__text\">Atv\u0113rts kop\u0161 1898. gada, \u0100genskalna tirgus ir liel\u0101kais un sen\u0101kais tirgus Daugavas kreisaj\u0101 krast\u0101, un tam ir valsts kult\u016bras pieminek\u013ca statuss. No 2018. l\u012bdz 2022. gadam tirgus v\u0113sturiskais paviljons piedz\u012bvoja v\u0113rien\u012bgu atjauno\u0161anu un tagad ikviens ir aicin\u0101ts apskat\u012bt iespaid\u012bg\u0101s p\u0101rmai\u0146as p\u0113c restaur\u0101cijas.<\/span><\/p>\n<\/div>\n<div id=\"comp-lfkvua7m\" class=\"Z_l5lU ku3DBC zQ9jDz qvSjx3 Vq6kJx comp-lfkvua7m wixui-rich-text\" data-testid=\"richTextElement\">\n<p class=\"font_8 wixui-rich-text__text\"><span class=\"wixui-rich-text__text\">Atjaunot\u0101 paviljona pirmaj\u0101 st\u0101v\u0101 tirgojas zemnieki un m\u0101jra\u017eot\u0101ji, starp tiem sastopami labi zin\u0101mi un pavisam jauni ra\u017eot\u0101ji. Savuk\u0101rt otraj\u0101 st\u0101v\u0101 var ietur\u0113t malt\u012bti un baud\u012bt dz\u0113rienus tirgus gaisotn\u0113. Tirgus atv\u0113rts katru dienu.<\/span><\/p>\n<p class=\"font_8 wixui-rich-text__text\"><span class=\"wixui-rich-text__text\">\u0100genskalna tirgus ir iek\u013caujo\u0161a, daudzpus\u012bga un videi draudz\u012bga publiska telpa, kur notiek ar\u012b kult\u016bras, izgl\u012bt\u012bbas un da\u017e\u0101di citi pas\u0101kumi.<\/span><\/p>\n<\/div>\n<h2><\/h2>\n<h2>Latvijas Universit\u0101tes Bot\u0101niskais d\u0101rzs<\/h2>\n<p><strong data-start=\"12\" data-end=\"56\">Latvijas Universit\u0101tes Bot\u0101niskais d\u0101rzs<\/strong> ir zin\u0101tniska, izgl\u012btojo\u0161a un atp\u016btai atv\u0113rta instit\u016bcija R\u012bg\u0101, kas dibin\u0101ta 1922. gad\u0101. Taj\u0101 apkopotas t\u016bksto\u0161iem augu sugu no Latvijas un visas pasaules, tostarp tropu, subtropu un viet\u0113jie augi. Bot\u0101niskais d\u0101rzs kalpo k\u0101 p\u0113tniec\u012bbas un studiju vide, k\u0101 ar\u012b veicina sabiedr\u012bbas izpratni par biolo\u0123isko daudzveid\u012bbu, ilgtsp\u0113ju un dabas aizsardz\u012bbu.<\/p>\n<\/div>\n<\/div>\n<p>&nbsp;<\/p>\n            <\/div>\n        <\/div>\n    <\/div>\n<\/section>\n","protected":false},"excerpt":{"rendered":"","protected":false},"author":1,"featured_media":0,"parent":0,"menu_order":0,"comment_status":"closed","ping_status":"closed","template":"templates\/template-simple-page.php","meta":{"_acf_changed":false,"footnotes":""},"class_list":["post-991","page","type-page","status-publish","hentry"],"acf":[],"yoast_head":"<!-- This site is optimized with the Yoast SEO plugin v25.1 - https:\/\/yoast.com\/wordpress\/plugins\/seo\/ -->\n<title>Sadarb\u012bbas uz\u0146\u0113mumi - Za\u013c\u0101 o\u0101ze<\/title>\n<meta name=\"robots\" content=\"index, follow, max-snippet:-1, max-image-preview:large, max-video-preview:-1\" \/>\n<link rel=\"canonical\" href=\"https:\/\/slowriga.lv\/collaborating-companies\/\" \/>\n<meta property=\"og:locale\" content=\"lv_LV\" \/>\n<meta property=\"og:type\" content=\"article\" \/>\n<meta property=\"og:title\" content=\"Sadarb\u012bbas uz\u0146\u0113mumi - Za\u013c\u0101 o\u0101ze\" \/>\n<meta property=\"og:url\" content=\"https:\/\/slowriga.lv\/collaborating-companies\/\" \/>\n<meta property=\"og:site_name\" content=\"Za\u013c\u0101 o\u0101ze\" \/>\n<meta property=\"article:modified_time\" content=\"2026-02-06T09:54:35+00:00\" \/>\n<meta name=\"twitter:card\" content=\"summary_large_image\" \/>\n<script type=\"application\/ld+json\" class=\"yoast-schema-graph\">{\"@context\":\"https:\/\/schema.org\",\"@graph\":[{\"@type\":\"WebPage\",\"@id\":\"https:\/\/slowriga.lv\/collaborating-companies\/\",\"url\":\"https:\/\/slowriga.lv\/collaborating-companies\/\",\"name\":\"Sadarb\u012bbas uz\u0146\u0113mumi - Za\u013c\u0101 o\u0101ze\",\"isPartOf\":{\"@id\":\"https:\/\/slowriga.lv\/#website\"},\"datePublished\":\"2026-02-03T15:04:48+00:00\",\"dateModified\":\"2026-02-06T09:54:35+00:00\",\"breadcrumb\":{\"@id\":\"https:\/\/slowriga.lv\/collaborating-companies\/#breadcrumb\"},\"inLanguage\":\"lv-LV\",\"potentialAction\":[{\"@type\":\"ReadAction\",\"target\":[\"https:\/\/slowriga.lv\/collaborating-companies\/\"]}]},{\"@type\":\"BreadcrumbList\",\"@id\":\"https:\/\/slowriga.lv\/collaborating-companies\/#breadcrumb\",\"itemListElement\":[{\"@type\":\"ListItem\",\"position\":1,\"name\":\"Home\",\"item\":\"https:\/\/slowriga.lv\/\"},{\"@type\":\"ListItem\",\"position\":2,\"name\":\"Sadarb\u012bbas uz\u0146\u0113mumi\"}]},{\"@type\":\"WebSite\",\"@id\":\"https:\/\/slowriga.lv\/#website\",\"url\":\"https:\/\/slowriga.lv\/\",\"name\":\"Za\u013c\u0101 o\u0101ze\",\"description\":\"\",\"potentialAction\":[{\"@type\":\"SearchAction\",\"target\":{\"@type\":\"EntryPoint\",\"urlTemplate\":\"https:\/\/slowriga.lv\/?s={search_term_string}\"},\"query-input\":{\"@type\":\"PropertyValueSpecification\",\"valueRequired\":true,\"valueName\":\"search_term_string\"}}],\"inLanguage\":\"lv-LV\"}]}<\/script>\n<!-- \/ Yoast SEO plugin. -->","yoast_head_json":{"title":"Sadarb\u012bbas uz\u0146\u0113mumi - Za\u013c\u0101 o\u0101ze","robots":{"index":"index","follow":"follow","max-snippet":"max-snippet:-1","max-image-preview":"max-image-preview:large","max-video-preview":"max-video-preview:-1"},"canonical":"https:\/\/slowriga.lv\/collaborating-companies\/","og_locale":"lv_LV","og_type":"article","og_title":"Sadarb\u012bbas uz\u0146\u0113mumi - Za\u013c\u0101 o\u0101ze","og_url":"https:\/\/slowriga.lv\/collaborating-companies\/","og_site_name":"Za\u013c\u0101 o\u0101ze","article_modified_time":"2026-02-06T09:54:35+00:00","twitter_card":"summary_large_image","schema":{"@context":"https:\/\/schema.org","@graph":[{"@type":"WebPage","@id":"https:\/\/slowriga.lv\/collaborating-companies\/","url":"https:\/\/slowriga.lv\/collaborating-companies\/","name":"Sadarb\u012bbas uz\u0146\u0113mumi - Za\u013c\u0101 o\u0101ze","isPartOf":{"@id":"https:\/\/slowriga.lv\/#website"},"datePublished":"2026-02-03T15:04:48+00:00","dateModified":"2026-02-06T09:54:35+00:00","breadcrumb":{"@id":"https:\/\/slowriga.lv\/collaborating-companies\/#breadcrumb"},"inLanguage":"lv-LV","potentialAction":[{"@type":"ReadAction","target":["https:\/\/slowriga.lv\/collaborating-companies\/"]}]},{"@type":"BreadcrumbList","@id":"https:\/\/slowriga.lv\/collaborating-companies\/#breadcrumb","itemListElement":[{"@type":"ListItem","position":1,"name":"Home","item":"https:\/\/slowriga.lv\/"},{"@type":"ListItem","position":2,"name":"Sadarb\u012bbas uz\u0146\u0113mumi"}]},{"@type":"WebSite","@id":"https:\/\/slowriga.lv\/#website","url":"https:\/\/slowriga.lv\/","name":"Za\u013c\u0101 o\u0101ze","description":"","potentialAction":[{"@type":"SearchAction","target":{"@type":"EntryPoint","urlTemplate":"https:\/\/slowriga.lv\/?s={search_term_string}"},"query-input":{"@type":"PropertyValueSpecification","valueRequired":true,"valueName":"search_term_string"}}],"inLanguage":"lv-LV"}]}},"_links":{"self":[{"href":"https:\/\/slowriga.lv\/lv\/wp-json\/wp\/v2\/pages\/991","targetHints":{"allow":["GET"]}}],"collection":[{"href":"https:\/\/slowriga.lv\/lv\/wp-json\/wp\/v2\/pages"}],"about":[{"href":"https:\/\/slowriga.lv\/lv\/wp-json\/wp\/v2\/types\/page"}],"author":[{"embeddable":true,"href":"https:\/\/slowriga.lv\/lv\/wp-json\/wp\/v2\/users\/1"}],"replies":[{"embeddable":true,"href":"https:\/\/slowriga.lv\/lv\/wp-json\/wp\/v2\/comments?post=991"}],"version-history":[{"count":3,"href":"https:\/\/slowriga.lv\/lv\/wp-json\/wp\/v2\/pages\/991\/revisions"}],"predecessor-version":[{"id":1006,"href":"https:\/\/slowriga.lv\/lv\/wp-json\/wp\/v2\/pages\/991\/revisions\/1006"}],"wp:attachment":[{"href":"https:\/\/slowriga.lv\/lv\/wp-json\/wp\/v2\/media?parent=991"}],"curies":[{"name":"wp","href":"https:\/\/api.w.org\/{rel}","templated":true}]}}